{"id":91,"date":"2025-11-20T10:19:18","date_gmt":"2025-11-20T10:19:18","guid":{"rendered":"https:\/\/wp4.mystudentblog.com\/?page_id=91"},"modified":"2026-03-26T10:51:21","modified_gmt":"2026-03-26T10:51:21","slug":"notre-histoire","status":"publish","type":"page","link":"https:\/\/wp4.mystudentblog.com\/?page_id=91","title":{"rendered":"Notre histoire"},"content":{"rendered":"\t\t<div data-elementor-type=\"wp-page\" data-elementor-id=\"91\" class=\"elementor elementor-91\">\n\t\t\t\t<div class=\"elementor-element elementor-element-c656859 e-flex e-con-boxed e-con e-parent\" data-id=\"c656859\" data-element_type=\"container\">\n\t\t\t\t\t<div class=\"e-con-inner\">\n\t\t<div class=\"elementor-element elementor-element-42a6b5d e-con-full e-flex e-con e-child\" data-id=\"42a6b5d\" data-element_type=\"container\">\n\t\t\t\t<div class=\"elementor-element elementor-element-1dbc7be elementor-widget__width-initial elementor-widget elementor-widget-image\" data-id=\"1dbc7be\" data-element_type=\"widget\" data-widget_type=\"image.default\">\n\t\t\t\t\t\t\t\t\t\t\t\t\t\t\t<img fetchpriority=\"high\" decoding=\"async\" width=\"1024\" height=\"641\" src=\"https:\/\/wp4.mystudentblog.com\/wp-content\/uploads\/2025\/11\/malibu-village--1024x641.jpeg\" class=\"attachment-large size-large wp-image-22\" alt=\"\" srcset=\"https:\/\/wp4.mystudentblog.com\/wp-content\/uploads\/2025\/11\/malibu-village--1024x641.jpeg 1024w, https:\/\/wp4.mystudentblog.com\/wp-content\/uploads\/2025\/11\/malibu-village--300x188.jpeg 300w, https:\/\/wp4.mystudentblog.com\/wp-content\/uploads\/2025\/11\/malibu-village--768x481.jpeg 768w, https:\/\/wp4.mystudentblog.com\/wp-content\/uploads\/2025\/11\/malibu-village--1536x962.jpeg 1536w, https:\/\/wp4.mystudentblog.com\/wp-content\/uploads\/2025\/11\/malibu-village-.jpeg 1920w\" sizes=\"(max-width: 1024px) 100vw, 1024px\" \/>\t\t\t\t\t\t\t\t\t\t\t\t\t\t\t<\/div>\n\t\t\t\t<\/div>\n\t\t<div class=\"elementor-element elementor-element-d32f1e7 e-con-full e-flex e-con e-child\" data-id=\"d32f1e7\" data-element_type=\"container\">\n\t\t\t\t<div class=\"elementor-element elementor-element-2d575b5 elementor-widget elementor-widget-heading\" data-id=\"2d575b5\" data-element_type=\"widget\" data-widget_type=\"heading.default\">\n\t\t\t\t\t<h2 class=\"elementor-heading-title elementor-size-default\">Malibu Village <\/h2>\t\t\t\t<\/div>\n\t\t\t\t<div class=\"elementor-element elementor-element-905fa7d elementor-widget elementor-widget-text-editor\" data-id=\"905fa7d\" data-element_type=\"widget\" data-widget_type=\"text-editor.default\">\n\t\t\t\t\t\t\t\t\t<p data-pm-slice=\"1 1 []\">Malibu Village est un charmant centre de vie situ\u00e9 au c\u0153ur de Malibu, en Californie. Nich\u00e9 \u00e0 quelques pas des plages embl\u00e9matiques du Pacifique, ce lieu combine \u00e9l\u00e9gance d\u00e9contract\u00e9e et ambiance c\u00f4ti\u00e8re. Entre ses boutiques haut de gamme, ses caf\u00e9s en plein air et ses restaurants raffin\u00e9s, on y retrouve l\u2019esprit typique de Malibu : chic, naturel et apaisant. C\u2019est un endroit id\u00e9al pour fl\u00e2ner, faire du shopping, partager un repas entre amis ou simplement profiter du soleil californien dans un cadre accueillant et raffin\u00e9.<\/p>\t\t\t\t\t\t\t\t<\/div>\n\t\t\t\t<\/div>\n\t\t\t\t\t<\/div>\n\t\t\t\t<\/div>\n\t\t<div class=\"elementor-element elementor-element-9fe06e4 e-flex e-con-boxed e-con e-parent\" data-id=\"9fe06e4\" data-element_type=\"container\">\n\t\t\t\t\t<div class=\"e-con-inner\">\n\t\t<div class=\"elementor-element elementor-element-d0ff246 e-con-full e-flex e-con e-child\" data-id=\"d0ff246\" data-element_type=\"container\">\n\t\t\t\t<div class=\"elementor-element elementor-element-67d7c03 elementor-widget elementor-widget-text-editor\" data-id=\"67d7c03\" data-element_type=\"widget\" data-widget_type=\"text-editor.default\">\n\t\t\t\t\t\t\t\t\t<p data-pm-slice=\"1 1 []\">Malibu Village est un v\u00e9ritable havre de d\u00e9tente et de bien-\u00eatre, o\u00f9 luxe et nature se rencontrent. Le complexe propose une magnifique piscine entour\u00e9e de palmiers et de transats confortables, parfaite pour se relaxer sous le soleil californien. L\u2019eau turquoise et l\u2019atmosph\u00e8re paisible en font un lieu id\u00e9al pour se ressourcer ou partager un moment convivial entre amis.<\/p><p>Pour les amateurs de sport, Malibu Village offre \u00e9galement plusieurs espaces d\u00e9di\u00e9s \u00e0 l\u2019activit\u00e9 physique, un centre de fitness moderne, des terrains de sport bien entretenus et des sentiers ext\u00e9rieurs parfaits pour le jogging ou le yoga au lever du soleil. Chaque coin du village invite \u00e0 adopter un mode de vie sain tout en profitant d\u2019un cadre naturel exceptionnel.<\/p><p><strong>Entre d\u00e9tente et vitalit\u00e9, Malibu Village incarne parfaitement l\u2019art de vivre \u00e0 la californienne.<\/strong><\/p>\t\t\t\t\t\t\t\t<\/div>\n\t\t\t\t<\/div>\n\t\t<div class=\"elementor-element elementor-element-9e99979 e-con-full e-flex e-con e-child\" data-id=\"9e99979\" data-element_type=\"container\">\n\t\t\t\t<div class=\"elementor-element elementor-element-c8631d8 elementor-widget elementor-widget-image\" data-id=\"c8631d8\" data-element_type=\"widget\" data-widget_type=\"image.default\">\n\t\t\t\t\t\t\t\t\t\t\t\t\t\t\t<img decoding=\"async\" width=\"1024\" height=\"683\" src=\"https:\/\/wp4.mystudentblog.com\/wp-content\/uploads\/2025\/11\/malibu-village-piscine-transat--1024x683.jpg\" class=\"attachment-large size-large wp-image-21\" alt=\"\" srcset=\"https:\/\/wp4.mystudentblog.com\/wp-content\/uploads\/2025\/11\/malibu-village-piscine-transat--1024x683.jpg 1024w, https:\/\/wp4.mystudentblog.com\/wp-content\/uploads\/2025\/11\/malibu-village-piscine-transat--300x200.jpg 300w, https:\/\/wp4.mystudentblog.com\/wp-content\/uploads\/2025\/11\/malibu-village-piscine-transat--768x512.jpg 768w, https:\/\/wp4.mystudentblog.com\/wp-content\/uploads\/2025\/11\/malibu-village-piscine-transat--1536x1024.jpg 1536w, https:\/\/wp4.mystudentblog.com\/wp-content\/uploads\/2025\/11\/malibu-village-piscine-transat-.jpg 2048w\" sizes=\"(max-width: 1024px) 100vw, 1024px\" \/>\t\t\t\t\t\t\t\t\t\t\t\t\t\t\t<\/div>\n\t\t\t\t<\/div>\n\t\t\t\t\t<\/div>\n\t\t\t\t<\/div>\n\t\t<footer class=\"elementor-element elementor-element-5454d09b e-con-full e-flex e-con e-parent\" data-id=\"5454d09b\" data-element_type=\"container\">\n\t\t<div class=\"elementor-element elementor-element-722661b6 e-con-full e-flex e-con e-child\" data-id=\"722661b6\" data-element_type=\"container\">\n\t\t\t\t<div class=\"elementor-element elementor-element-7159cf18 elementor-widget elementor-widget-image\" data-id=\"7159cf18\" data-element_type=\"widget\" data-widget_type=\"image.default\">\n\t\t\t\t\t\t\t\t\t\t\t\t\t\t\t<img decoding=\"async\" width=\"500\" height=\"312\" src=\"https:\/\/wp4.mystudentblog.com\/wp-content\/uploads\/2026\/03\/cropped-Logo-VIVACTIV-148x92.png\" class=\"attachment-full size-full wp-image-300\" alt=\"\" srcset=\"https:\/\/wp4.mystudentblog.com\/wp-content\/uploads\/2026\/03\/cropped-Logo-VIVACTIV.png 500w, https:\/\/wp4.mystudentblog.com\/wp-content\/uploads\/2026\/03\/cropped-Logo-VIVACTIV-300x187.png 300w, https:\/\/wp4.mystudentblog.com\/wp-content\/uploads\/2026\/03\/cropped-Logo-VIVACTIV-148x92.png 148w\" sizes=\"(max-width: 500px) 100vw, 500px\" \/>\t\t\t\t\t\t\t\t\t\t\t\t\t\t\t<\/div>\n\t\t\t\t<\/div>\n\t\t<div class=\"elementor-element elementor-element-77e83318 e-con-full e-flex e-con e-child\" data-id=\"77e83318\" data-element_type=\"container\">\n\t\t\t\t<div class=\"elementor-element elementor-element-39443e8c elementor-icon-list--layout-inline elementor-tablet-align-center elementor-align-center elementor-list-item-link-full_width elementor-widget elementor-widget-icon-list\" data-id=\"39443e8c\" data-element_type=\"widget\" data-widget_type=\"icon-list.default\">\n\t\t\t\t\t\t\t<ul class=\"elementor-icon-list-items elementor-inline-items\">\n\t\t\t\t\t\t\t<li class=\"elementor-icon-list-item elementor-inline-item\">\n\t\t\t\t\t\t\t\t\t\t<span class=\"elementor-icon-list-text\">(+33) 4 68 73 27 79<\/span>\n\t\t\t\t\t\t\t\t\t<\/li>\n\t\t\t\t\t\t\t\t<li class=\"elementor-icon-list-item elementor-inline-item\">\n\t\t\t\t\t\t\t\t\t\t<span class=\"elementor-icon-list-text\">reservation@ampao.fr<\/span>\n\t\t\t\t\t\t\t\t\t<\/li>\n\t\t\t\t\t\t\t\t<li class=\"elementor-icon-list-item elementor-inline-item\">\n\t\t\t\t\t\t\t\t\t\t<span class=\"elementor-icon-list-text\">Lun-Dim 9:00h - 18:00h<\/span>\n\t\t\t\t\t\t\t\t\t<\/li>\n\t\t\t\t\t\t<\/ul>\n\t\t\t\t\t\t<\/div>\n\t\t\t\t<\/div>\n\t\t<div class=\"elementor-element elementor-element-58007edf e-con-full e-flex e-con e-child\" data-id=\"58007edf\" data-element_type=\"container\">\n\t\t\t\t<div class=\"elementor-element elementor-element-5128125d e-grid-align-right e-grid-align-tablet-right e-grid-align-mobile-center elementor-widget-mobile__width-inherit elementor-shape-rounded elementor-grid-0 elementor-widget elementor-widget-social-icons\" data-id=\"5128125d\" data-element_type=\"widget\" data-widget_type=\"social-icons.default\">\n\t\t\t\t\t\t\t<div class=\"elementor-social-icons-wrapper elementor-grid\" role=\"list\">\n\t\t\t\t\t\t\t<span class=\"elementor-grid-item\" role=\"listitem\">\n\t\t\t\t\t<a class=\"elementor-icon elementor-social-icon elementor-social-icon-instagram elementor-repeater-item-04225a8\" target=\"_blank\">\n\t\t\t\t\t\t<span class=\"elementor-screen-only\">Instagram<\/span>\n\t\t\t\t\t\t<svg aria-hidden=\"true\" class=\"e-font-icon-svg e-fab-instagram\" viewBox=\"0 0 448 512\" xmlns=\"http:\/\/www.w3.org\/2000\/svg\"><path d=\"M224.1 141c-63.6 0-114.9 51.3-114.9 114.9s51.3 114.9 114.9 114.9S339 319.5 339 255.9 287.7 141 224.1 141zm0 189.6c-41.1 0-74.7-33.5-74.7-74.7s33.5-74.7 74.7-74.7 74.7 33.5 74.7 74.7-33.6 74.7-74.7 74.7zm146.4-194.3c0 14.9-12 26.8-26.8 26.8-14.9 0-26.8-12-26.8-26.8s12-26.8 26.8-26.8 26.8 12 26.8 26.8zm76.1 27.2c-1.7-35.9-9.9-67.7-36.2-93.9-26.2-26.2-58-34.4-93.9-36.2-37-2.1-147.9-2.1-184.9 0-35.8 1.7-67.6 9.9-93.9 36.1s-34.4 58-36.2 93.9c-2.1 37-2.1 147.9 0 184.9 1.7 35.9 9.9 67.7 36.2 93.9s58 34.4 93.9 36.2c37 2.1 147.9 2.1 184.9 0 35.9-1.7 67.7-9.9 93.9-36.2 26.2-26.2 34.4-58 36.2-93.9 2.1-37 2.1-147.8 0-184.8zM398.8 388c-7.8 19.6-22.9 34.7-42.6 42.6-29.5 11.7-99.5 9-132.1 9s-102.7 2.6-132.1-9c-19.6-7.8-34.7-22.9-42.6-42.6-11.7-29.5-9-99.5-9-132.1s-2.6-102.7 9-132.1c7.8-19.6 22.9-34.7 42.6-42.6 29.5-11.7 99.5-9 132.1-9s102.7-2.6 132.1 9c19.6 7.8 34.7 22.9 42.6 42.6 11.7 29.5 9 99.5 9 132.1s2.7 102.7-9 132.1z\"><\/path><\/svg>\t\t\t\t\t<\/a>\n\t\t\t\t<\/span>\n\t\t\t\t\t\t\t<span class=\"elementor-grid-item\" role=\"listitem\">\n\t\t\t\t\t<a class=\"elementor-icon elementor-social-icon elementor-social-icon-facebook elementor-repeater-item-4b43d4a\" target=\"_blank\">\n\t\t\t\t\t\t<span class=\"elementor-screen-only\">Facebook<\/span>\n\t\t\t\t\t\t<svg aria-hidden=\"true\" class=\"e-font-icon-svg e-fab-facebook\" viewBox=\"0 0 512 512\" xmlns=\"http:\/\/www.w3.org\/2000\/svg\"><path d=\"M504 256C504 119 393 8 256 8S8 119 8 256c0 123.78 90.69 226.38 209.25 245V327.69h-63V256h63v-54.64c0-62.15 37-96.48 93.67-96.48 27.14 0 55.52 4.84 55.52 4.84v61h-31.28c-30.8 0-40.41 19.12-40.41 38.73V256h68.78l-11 71.69h-57.78V501C413.31 482.38 504 379.78 504 256z\"><\/path><\/svg>\t\t\t\t\t<\/a>\n\t\t\t\t<\/span>\n\t\t\t\t\t<\/div>\n\t\t\t\t\t\t<\/div>\n\t\t\t\t<\/div>\n\t\t\t\t<\/footer>\n\t\t\t\t<\/div>\n\t\t","protected":false},"excerpt":{"rendered":"<p>Malibu Village Malibu Village est un charmant centre de vie situ\u00e9 au c\u0153ur de Malibu, en Californie. Nich\u00e9 \u00e0 quelques [&hellip;]<\/p>\n","protected":false},"author":2,"featured_media":0,"parent":0,"menu_order":0,"comment_status":"closed","ping_status":"closed","template":"","meta":{"site-sidebar-layout":"no-sidebar","site-content-layout":"","ast-site-content-layout":"full-width-container","site-content-style":"default","site-sidebar-style":"default","ast-global-header-display":"","ast-banner-title-visibility":"","ast-main-header-display":"","ast-hfb-above-header-display":"","ast-hfb-below-header-display":"","ast-hfb-mobile-header-display":"","site-post-title":"disabled","ast-breadcrumbs-content":"","ast-featured-img":"disabled","footer-sml-layout":"","theme-transparent-header-meta":"","adv-header-id-meta":"","stick-header-meta":"","header-above-stick-meta":"","header-main-stick-meta":"","header-below-stick-meta":"","astra-migrate-meta-layouts":"default","ast-page-background-enabled":"default","ast-page-background-meta":{"desktop":{"background-color":"var(--ast-global-color-5)","background-image":"","background-repeat":"repeat","background-position":"center center","background-size":"auto","background-attachment":"scroll","background-type":"","background-media":"","overlay-type":"","overlay-color":"","overlay-opacity":"","overlay-gradient":""},"tablet":{"background-color":"","background-image":"","background-repeat":"repeat","background-position":"center center","background-size":"auto","background-attachment":"scroll","background-type":"","background-media":"","overlay-type":"","overlay-color":"","overlay-opacity":"","overlay-gradient":""},"mobile":{"background-color":"","background-image":"","background-repeat":"repeat","background-position":"center center","background-size":"auto","background-attachment":"scroll","background-type":"","background-media":"","overlay-type":"","overlay-color":"","overlay-opacity":"","overlay-gradient":""}},"ast-content-background-meta":{"desktop":{"background-color":"var(--ast-global-color-4)","background-image":"","background-repeat":"repeat","background-position":"center center","background-size":"auto","background-attachment":"scroll","background-type":"","background-media":"","overlay-type":"","overlay-color":"","overlay-opacity":"","overlay-gradient":""},"tablet":{"background-color":"var(--ast-global-color-4)","background-image":"","background-repeat":"repeat","background-position":"center center","background-size":"auto","background-attachment":"scroll","background-type":"","background-media":"","overlay-type":"","overlay-color":"","overlay-opacity":"","overlay-gradient":""},"mobile":{"background-color":"var(--ast-global-color-4)","background-image":"","background-repeat":"repeat","background-position":"center center","background-size":"auto","background-attachment":"scroll","background-type":"","background-media":"","overlay-type":"","overlay-color":"","overlay-opacity":"","overlay-gradient":""}},"footnotes":""},"class_list":["post-91","page","type-page","status-publish","hentry"],"_links":{"self":[{"href":"https:\/\/wp4.mystudentblog.com\/index.php?rest_route=\/wp\/v2\/pages\/91","targetHints":{"allow":["GET"]}}],"collection":[{"href":"https:\/\/wp4.mystudentblog.com\/index.php?rest_route=\/wp\/v2\/pages"}],"about":[{"href":"https:\/\/wp4.mystudentblog.com\/index.php?rest_route=\/wp\/v2\/types\/page"}],"author":[{"embeddable":true,"href":"https:\/\/wp4.mystudentblog.com\/index.php?rest_route=\/wp\/v2\/users\/2"}],"replies":[{"embeddable":true,"href":"https:\/\/wp4.mystudentblog.com\/index.php?rest_route=%2Fwp%2Fv2%2Fcomments&post=91"}],"version-history":[{"count":11,"href":"https:\/\/wp4.mystudentblog.com\/index.php?rest_route=\/wp\/v2\/pages\/91\/revisions"}],"predecessor-version":[{"id":329,"href":"https:\/\/wp4.mystudentblog.com\/index.php?rest_route=\/wp\/v2\/pages\/91\/revisions\/329"}],"wp:attachment":[{"href":"https:\/\/wp4.mystudentblog.com\/index.php?rest_route=%2Fwp%2Fv2%2Fmedia&parent=91"}],"curies":[{"name":"wp","href":"https:\/\/api.w.org\/{rel}","templated":true}]}}