{"id":6,"date":"2025-11-13T09:51:29","date_gmt":"2025-11-13T09:51:29","guid":{"rendered":"https:\/\/wp4.mystudentblog.com\/?page_id=6"},"modified":"2026-03-26T10:46:33","modified_gmt":"2026-03-26T10:46:33","slug":"accueil","status":"publish","type":"page","link":"https:\/\/wp4.mystudentblog.com\/","title":{"rendered":""},"content":{"rendered":"\t\t<div data-elementor-type=\"wp-page\" data-elementor-id=\"6\" class=\"elementor elementor-6\">\n\t\t\t\t<div class=\"elementor-element elementor-element-64f8934d e-flex e-con-boxed e-con e-parent\" data-id=\"64f8934d\" data-element_type=\"container\" data-settings=\"{&quot;background_background&quot;:&quot;classic&quot;}\">\n\t\t\t\t\t<div class=\"e-con-inner\">\n\t\t<div class=\"elementor-element elementor-element-60116c4 e-con-full e-flex e-con e-child\" data-id=\"60116c4\" data-element_type=\"container\">\n\t\t\t\t<\/div>\n\t\t\t\t\t<\/div>\n\t\t\t\t<\/div>\n\t\t<div class=\"elementor-element elementor-element-376d8c76 e-flex e-con-boxed e-con e-parent\" data-id=\"376d8c76\" data-element_type=\"container\" data-settings=\"{&quot;background_background&quot;:&quot;classic&quot;}\">\n\t\t\t\t\t<div class=\"e-con-inner\">\n\t\t<div class=\"elementor-element elementor-element-1d4ab080 e-flex e-con-boxed e-con e-child\" data-id=\"1d4ab080\" data-element_type=\"container\">\n\t\t\t\t\t<div class=\"e-con-inner\">\n\t\t\t\t<div class=\"elementor-element elementor-element-50c48cb animated-slow elementor-invisible elementor-widget elementor-widget-heading\" data-id=\"50c48cb\" data-element_type=\"widget\" data-settings=\"{&quot;_animation&quot;:&quot;slideInUp&quot;}\" data-widget_type=\"heading.default\">\n\t\t\t\t\t<h2 class=\"elementor-heading-title elementor-size-default\">Les lieux incontournables \net les meilleures adresses pour se restaurer.<\/h2>\t\t\t\t<\/div>\n\t\t\t\t<div class=\"elementor-element elementor-element-27852863 animated-slow elementor-invisible elementor-widget elementor-widget-heading\" data-id=\"27852863\" data-element_type=\"widget\" data-settings=\"{&quot;_animation&quot;:&quot;slideInUp&quot;}\" data-widget_type=\"heading.default\">\n\t\t\t\t\t<h2 class=\"elementor-heading-title elementor-size-default\">d\u00e9couvre tous les d\u00e9tails en cliquant ici !<\/h2>\t\t\t\t<\/div>\n\t\t\t\t\t<\/div>\n\t\t\t\t<\/div>\n\t\t<div class=\"elementor-element elementor-element-668175ee e-con-full e-flex e-con e-child\" data-id=\"668175ee\" data-element_type=\"container\">\n\t\t<div class=\"elementor-element elementor-element-72d562aa e-con-full e-flex e-con e-child\" data-id=\"72d562aa\" data-element_type=\"container\">\n\t\t\t\t<div class=\"elementor-element elementor-element-7d11aa63 elementor-widget elementor-widget-heading\" data-id=\"7d11aa63\" data-element_type=\"widget\" data-widget_type=\"heading.default\">\n\t\t\t\t\t<h3 class=\"elementor-heading-title elementor-size-default\">les<br>restaurants<\/h3>\t\t\t\t<\/div>\n\t\t\t\t<div class=\"elementor-element elementor-element-234f117 elementor-position-top elementor-widget elementor-widget-image-box\" data-id=\"234f117\" data-element_type=\"widget\" data-widget_type=\"image-box.default\">\n\t\t\t\t\t<div class=\"elementor-image-box-wrapper\"><figure class=\"elementor-image-box-img\"><img fetchpriority=\"high\" decoding=\"async\" width=\"612\" height=\"408\" src=\"https:\/\/wp4.mystudentblog.com\/wp-content\/uploads\/2026\/01\/istockphoto-1130675015-612x612-1.jpg\" class=\"attachment-full size-full wp-image-195\" alt=\"\" srcset=\"https:\/\/wp4.mystudentblog.com\/wp-content\/uploads\/2026\/01\/istockphoto-1130675015-612x612-1.jpg 612w, https:\/\/wp4.mystudentblog.com\/wp-content\/uploads\/2026\/01\/istockphoto-1130675015-612x612-1-300x200.jpg 300w\" sizes=\"(max-width: 612px) 100vw, 612px\" \/><\/figure><div class=\"elementor-image-box-content\"><p class=\"elementor-image-box-description\">\u00c0 Canet, le plaisir est aussi dans l\u2019assiette !\nRestaurants chaleureux, saveurs m\u00e9diterran\u00e9ennes et terrasses ensoleill\u00e9es vous attendent pour un moment gourmand face \u00e0 la mer. <\/p><\/div><\/div>\t\t\t\t<\/div>\n\t\t\t\t<\/div>\n\t\t<div class=\"elementor-element elementor-element-272ef73c e-con-full e-flex e-con e-child\" data-id=\"272ef73c\" data-element_type=\"container\">\n\t\t\t\t<div class=\"elementor-element elementor-element-6a6b01a2 elementor-widget elementor-widget-heading\" data-id=\"6a6b01a2\" data-element_type=\"widget\" data-widget_type=\"heading.default\">\n\t\t\t\t\t<h3 class=\"elementor-heading-title elementor-size-default\">activit\u00e9s nautiques<\/h3>\t\t\t\t<\/div>\n\t\t\t\t<div class=\"elementor-element elementor-element-330b9620 elementor-position-top elementor-widget elementor-widget-image-box\" data-id=\"330b9620\" data-element_type=\"widget\" data-widget_type=\"image-box.default\">\n\t\t\t\t\t<div class=\"elementor-image-box-wrapper\"><figure class=\"elementor-image-box-img\"><img decoding=\"async\" width=\"275\" height=\"183\" src=\"https:\/\/wp4.mystudentblog.com\/wp-content\/uploads\/2026\/01\/Unknown-4.jpeg\" class=\"attachment-full size-full wp-image-201\" alt=\"\" \/><\/figure><div class=\"elementor-image-box-content\"><p class=\"elementor-image-box-description\">Envie de sensations \u00e0 Canet ?\nJet-ski, paddle, voile ou kayak\u2026 profitez des activit\u00e9s nautiques pour faire le plein d\u2019adr\u00e9naline et de fun sous le soleil m\u00e9diterran\u00e9en ! <\/p><\/div><\/div>\t\t\t\t<\/div>\n\t\t\t\t<\/div>\n\t\t<div class=\"elementor-element elementor-element-4bddd103 e-con-full e-flex e-con e-child\" data-id=\"4bddd103\" data-element_type=\"container\">\n\t\t\t\t<div class=\"elementor-element elementor-element-14cbb96c elementor-widget elementor-widget-heading\" data-id=\"14cbb96c\" data-element_type=\"widget\" data-widget_type=\"heading.default\">\n\t\t\t\t\t<h3 class=\"elementor-heading-title elementor-size-default\">activit\u00e9s<br>m\u00e9caniques<\/h3>\t\t\t\t<\/div>\n\t\t\t\t<div class=\"elementor-element elementor-element-4400ecb0 elementor-position-top elementor-widget elementor-widget-image-box\" data-id=\"4400ecb0\" data-element_type=\"widget\" data-widget_type=\"image-box.default\">\n\t\t\t\t\t<div class=\"elementor-image-box-wrapper\"><figure class=\"elementor-image-box-img\"><img decoding=\"async\" width=\"275\" height=\"183\" src=\"https:\/\/wp4.mystudentblog.com\/wp-content\/uploads\/2026\/01\/Unknown.jpeg\" class=\"attachment-full size-full wp-image-197\" alt=\"\" \/><\/figure><div class=\"elementor-image-box-content\"><p class=\"elementor-image-box-description\">Faites le plein de sensations \u00e0 Canet !\nKarting, quad, buggy ou moto\u2026 d\u00e9couvrez des activit\u00e9s m\u00e9caniques pour vibrer, acc\u00e9l\u00e9rer et vivre l\u2019aventure \u00e0 fond ! <\/p><\/div><\/div>\t\t\t\t<\/div>\n\t\t\t\t<\/div>\n\t\t\t\t<\/div>\n\t\t\t\t\t<\/div>\n\t\t\t\t<\/div>\n\t\t<div class=\"elementor-element elementor-element-58205d45 e-flex e-con-boxed e-con e-parent\" data-id=\"58205d45\" data-element_type=\"container\" data-settings=\"{&quot;background_background&quot;:&quot;classic&quot;}\">\n\t\t\t\t\t<div class=\"e-con-inner\">\n\t\t<div class=\"elementor-element elementor-element-53f2cfc4 e-con-full e-flex e-con e-child\" data-id=\"53f2cfc4\" data-element_type=\"container\">\n\t\t<div class=\"elementor-element elementor-element-24483b21 e-con-full e-flex e-con e-child\" data-id=\"24483b21\" data-element_type=\"container\">\n\t\t\t\t<div class=\"elementor-element elementor-element-56cb3954 elementor-widget elementor-widget-heading\" data-id=\"56cb3954\" data-element_type=\"widget\" data-widget_type=\"heading.default\">\n\t\t\t\t\t<h3 class=\"elementor-heading-title elementor-size-default\">escape game<br>  <\/h3>\t\t\t\t<\/div>\n\t\t\t\t<div class=\"elementor-element elementor-element-89d63b0 elementor-position-top elementor-widget elementor-widget-image-box\" data-id=\"89d63b0\" data-element_type=\"widget\" data-widget_type=\"image-box.default\">\n\t\t\t\t\t<div class=\"elementor-image-box-wrapper\"><figure class=\"elementor-image-box-img\"><img loading=\"lazy\" decoding=\"async\" width=\"298\" height=\"169\" src=\"https:\/\/wp4.mystudentblog.com\/wp-content\/uploads\/2026\/01\/Unknown-1.jpeg\" class=\"attachment-full size-full wp-image-198\" alt=\"\" \/><\/figure><div class=\"elementor-image-box-content\"><p class=\"elementor-image-box-description\">Envie de d\u00e9fi \u00e0 Canet ?\nPlongez dans un escape game captivant et mettez votre esprit d\u2019\u00e9quipe \u00e0 l\u2019\u00e9preuve pour r\u00e9soudre les \u00e9nigmes avant la fin du temps ! <\/p><\/div><\/div>\t\t\t\t<\/div>\n\t\t<div class=\"elementor-element elementor-element-7183fc2c e-con-full e-flex e-con e-child\" data-id=\"7183fc2c\" data-element_type=\"container\">\n\t\t\t\t<\/div>\n\t\t\t\t<\/div>\n\t\t<div class=\"elementor-element elementor-element-3c170352 e-con-full e-flex e-con e-child\" data-id=\"3c170352\" data-element_type=\"container\">\n\t\t\t\t<div class=\"elementor-element elementor-element-57cab29d elementor-widget elementor-widget-heading\" data-id=\"57cab29d\" data-element_type=\"widget\" data-widget_type=\"heading.default\">\n\t\t\t\t\t<h3 class=\"elementor-heading-title elementor-size-default\">sport de plein air<\/h3>\t\t\t\t<\/div>\n\t\t\t\t<div class=\"elementor-element elementor-element-6537254d elementor-position-top elementor-widget elementor-widget-image-box\" data-id=\"6537254d\" data-element_type=\"widget\" data-widget_type=\"image-box.default\">\n\t\t\t\t\t<div class=\"elementor-image-box-wrapper\"><figure class=\"elementor-image-box-img\"><img loading=\"lazy\" decoding=\"async\" width=\"294\" height=\"171\" src=\"https:\/\/wp4.mystudentblog.com\/wp-content\/uploads\/2026\/01\/Unknown-2.jpeg\" class=\"attachment-full size-full wp-image-199\" alt=\"\" \/><\/figure><div class=\"elementor-image-box-content\"><p class=\"elementor-image-box-description\">Bougez en plein air \u00e0 Canet !\nRandonn\u00e9e, v\u00e9lo, beach sport ou fitness en ext\u00e9rieur\u2026 profitez du grand air et du soleil pour allier sport et plaisir ! <\/p><\/div><\/div>\t\t\t\t<\/div>\n\t\t\t\t<\/div>\n\t\t<div class=\"elementor-element elementor-element-2c413d5a e-con-full e-flex e-con e-child\" data-id=\"2c413d5a\" data-element_type=\"container\">\n\t\t\t\t<div class=\"elementor-element elementor-element-30339210 elementor-widget elementor-widget-heading\" data-id=\"30339210\" data-element_type=\"widget\" data-widget_type=\"heading.default\">\n\t\t\t\t\t<h3 class=\"elementor-heading-title elementor-size-default\">aquarium<br>  <\/h3>\t\t\t\t<\/div>\n\t\t\t\t<div class=\"elementor-element elementor-element-6b76153c elementor-position-top elementor-widget elementor-widget-image-box\" data-id=\"6b76153c\" data-element_type=\"widget\" data-widget_type=\"image-box.default\">\n\t\t\t\t\t<div class=\"elementor-image-box-wrapper\"><figure class=\"elementor-image-box-img\"><img loading=\"lazy\" decoding=\"async\" width=\"1750\" height=\"1167\" src=\"https:\/\/wp4.mystudentblog.com\/wp-content\/uploads\/2026\/01\/visit-aquarium-montpellier.jpg\" class=\"attachment-full size-full wp-image-204\" alt=\"\" srcset=\"https:\/\/wp4.mystudentblog.com\/wp-content\/uploads\/2026\/01\/visit-aquarium-montpellier.jpg 1750w, https:\/\/wp4.mystudentblog.com\/wp-content\/uploads\/2026\/01\/visit-aquarium-montpellier-300x200.jpg 300w, https:\/\/wp4.mystudentblog.com\/wp-content\/uploads\/2026\/01\/visit-aquarium-montpellier-1024x683.jpg 1024w, https:\/\/wp4.mystudentblog.com\/wp-content\/uploads\/2026\/01\/visit-aquarium-montpellier-768x512.jpg 768w, https:\/\/wp4.mystudentblog.com\/wp-content\/uploads\/2026\/01\/visit-aquarium-montpellier-1536x1024.jpg 1536w\" sizes=\"(max-width: 1750px) 100vw, 1750px\" \/><\/figure><div class=\"elementor-image-box-content\"><p class=\"elementor-image-box-description\">Plongez au c\u0153ur du monde marin \u00e0 Canet !\nD\u00e9couvrez l\u2019aquarium et laissez-vous \u00e9merveiller par la richesse et la beaut\u00e9 des fonds marins, une visite ludique pour petits et grands. <\/p><\/div><\/div>\t\t\t\t<\/div>\n\t\t\t\t<\/div>\n\t\t\t\t<\/div>\n\t\t\t\t\t<\/div>\n\t\t\t\t<\/div>\n\t\t<div class=\"elementor-element elementor-element-4a99dcb e-flex e-con-boxed e-con e-parent\" data-id=\"4a99dcb\" data-element_type=\"container\">\n\t\t\t\t\t<div class=\"e-con-inner\">\n\t\t<div class=\"elementor-element elementor-element-4cba683 e-con-full e-flex e-con e-child\" data-id=\"4cba683\" data-element_type=\"container\">\n\t\t\t\t<div class=\"elementor-element elementor-element-be34a45 elementor-widget elementor-widget-image\" data-id=\"be34a45\" data-element_type=\"widget\" data-widget_type=\"image.default\">\n\t\t\t\t\t\t\t\t\t\t\t\t\t\t\t<img loading=\"lazy\" decoding=\"async\" width=\"683\" height=\"1024\" src=\"https:\/\/wp4.mystudentblog.com\/wp-content\/uploads\/2025\/11\/ChatGPT-Image-20-nov.-2025-a-11_24_57.png\" class=\"attachment-large size-large wp-image-107\" alt=\"\" srcset=\"https:\/\/wp4.mystudentblog.com\/wp-content\/uploads\/2025\/11\/ChatGPT-Image-20-nov.-2025-a-11_24_57.png 1024w, https:\/\/wp4.mystudentblog.com\/wp-content\/uploads\/2025\/11\/ChatGPT-Image-20-nov.-2025-a-11_24_57-200x300.png 200w\" sizes=\"(max-width: 683px) 100vw, 683px\" \/>\t\t\t\t\t\t\t\t\t\t\t\t\t\t\t<\/div>\n\t\t\t\t<\/div>\n\t\t<div class=\"elementor-element elementor-element-d04bbe0 e-con-full e-flex e-con e-child\" data-id=\"d04bbe0\" data-element_type=\"container\">\n\t\t\t\t<div class=\"elementor-element elementor-element-69e3a2a elementor-widget elementor-widget-text-editor\" data-id=\"69e3a2a\" data-element_type=\"widget\" data-widget_type=\"text-editor.default\">\n\t\t\t\t\t\t\t\t\t<p><strong>\u00a0<\/strong><\/p>\n<p><strong>B<\/strong><strong style=\"font-style: inherit; font-family: var( --e-global-typography-text-font-family ), Sans-serif;\">ienvenue chez nous, dans le Sud de la France !<\/strong><\/p>\n<p>Au c\u0153ur du pays catalan ensoleill\u00e9, laissez-vous s\u00e9duire par une destination qui allie \u00e0 merveille les plaisirs de la mer et l\u2019authenticit\u00e9 d\u2019un terroir vivant.<\/p>\n<p>\u00a0<\/p>\n<p>\u00a0<\/p>\n<p><strong style=\"font-style: inherit; font-family: var( --e-global-typography-text-font-family ), Sans-serif;\" data-start=\"94\" data-end=\"139\">D\u00e9couvrez la magie de la C\u00f4te Vermeille !<\/strong><\/p>\n<p><span style=\"font-size: medium;\">Entre mer d\u2019un bleu \u00e9clatant et villages perch\u00e9s aux ruelles color\u00e9es, la C\u00f4te Vermeille vous invite \u00e0 un voyage inoubliable. Baladez-vous le long de criques secr\u00e8tes, respirez l\u2019air marin pur et laissez-vous \u00e9merveiller par des panoramas \u00e0 couper le souffle. Plongez dans la culture locale, go\u00fbtez aux sp\u00e9cialit\u00e9s m\u00e9diterran\u00e9ennes et profitez d\u2019activit\u00e9s vari\u00e9es : randonn\u00e9e, nautisme, visites culturelles ou simplement farniente au soleil. Que vous soyez aventurier, amateur de nature ou gourmet, la C\u00f4te Vermeille vous promet des souvenirs m\u00e9morables \u00e0 chaque pas.\u00a0<\/span><\/p>\t\t\t\t\t\t\t\t<\/div>\n\t\t\t\t<div class=\"elementor-element elementor-element-63298b45 elementor-align-center elementor-widget elementor-widget-button\" data-id=\"63298b45\" data-element_type=\"widget\" data-widget_type=\"button.default\">\n\t\t\t\t\t\t\t\t\t\t<a class=\"elementor-button elementor-button-link elementor-size-sm\" href=\"https:\/\/www.malibu-village.fr\">\n\t\t\t\t\t\t<span class=\"elementor-button-content-wrapper\">\n\t\t\t\t\t\t\t\t\t<span class=\"elementor-button-text\">Contactez-nous<\/span>\n\t\t\t\t\t<\/span>\n\t\t\t\t\t<\/a>\n\t\t\t\t\t\t\t\t<\/div>\n\t\t\t\t<div class=\"elementor-element elementor-element-bfe9754 elementor-widget elementor-widget-spacer\" data-id=\"bfe9754\" data-element_type=\"widget\" data-widget_type=\"spacer.default\">\n\t\t\t\t\t\t\t<div class=\"elementor-spacer\">\n\t\t\t<div class=\"elementor-spacer-inner\"><\/div>\n\t\t<\/div>\n\t\t\t\t\t\t<\/div>\n\t\t\t\t<\/div>\n\t\t\t\t\t<\/div>\n\t\t\t\t<\/div>\n\t\t<div class=\"elementor-element elementor-element-4bcc0092 e-con-full e-flex e-con e-parent\" data-id=\"4bcc0092\" data-element_type=\"container\">\n\t\t<div class=\"elementor-element elementor-element-20f0162d e-con-full e-flex e-con e-child\" data-id=\"20f0162d\" data-element_type=\"container\" data-settings=\"{&quot;background_background&quot;:&quot;classic&quot;}\">\n\t\t\t\t<div class=\"elementor-element elementor-element-23528271 elementor-widget elementor-widget-google_maps\" data-id=\"23528271\" data-element_type=\"widget\" data-widget_type=\"google_maps.default\">\n\t\t\t\t\t\t\t<div class=\"elementor-custom-embed\">\n\t\t\t<iframe loading=\"lazy\"\n\t\t\t\t\tsrc=\"https:\/\/maps.google.com\/maps?q=Malibu%20village%20&#038;t=m&#038;z=17&#038;output=embed&#038;iwloc=near\"\n\t\t\t\t\ttitle=\"Malibu village \"\n\t\t\t\t\taria-label=\"Malibu village \"\n\t\t\t><\/iframe>\n\t\t<\/div>\n\t\t\t\t\t\t<\/div>\n\t\t\t\t<\/div>\n\t\t<div class=\"elementor-element elementor-element-7ad4dcb9 e-con-full e-flex e-con e-child\" data-id=\"7ad4dcb9\" data-element_type=\"container\">\n\t\t\t\t<div class=\"elementor-element elementor-element-184215f5 elementor-widget elementor-widget-heading\" data-id=\"184215f5\" data-element_type=\"widget\" data-widget_type=\"heading.default\">\n\t\t\t\t\t<h2 class=\"elementor-heading-title elementor-size-default\">Retrouvez ici notre localisation pour mieux vous situer. <\/h2>\t\t\t\t<\/div>\n\t\t\t\t<div class=\"elementor-element elementor-element-5efec0f9 elementor-widget elementor-widget-icon-box\" data-id=\"5efec0f9\" data-element_type=\"widget\" data-widget_type=\"icon-box.default\">\n\t\t\t\t\t\t\t<div class=\"elementor-icon-box-wrapper\">\n\n\t\t\t\n\t\t\t\t\t\t<div class=\"elementor-icon-box-content\">\n\n\t\t\t\t\n\t\t\t\t\t\t\t\t\t<p class=\"elementor-icon-box-description\">\n\t\t\t\t\t\tCr\u00e9ez des souvenirs inoubliables pr\u00e8s de votre village de vacances. <br><br><br>141 Av. des Hauts de Canet, 66140 Canet-en-Roussillon, France\t\t\t\t\t<\/p>\n\t\t\t\t\n\t\t\t<\/div>\n\t\t\t\n\t\t<\/div>\n\t\t\t\t\t\t<\/div>\n\t\t\t\t<\/div>\n\t\t\t\t<\/div>\n\t\t<footer class=\"elementor-element elementor-element-476642d2 e-con-full e-flex e-con e-parent\" data-id=\"476642d2\" data-element_type=\"container\">\n\t\t<div class=\"elementor-element elementor-element-c141201 e-con-full e-flex e-con e-child\" data-id=\"c141201\" data-element_type=\"container\">\n\t\t\t\t<div class=\"elementor-element elementor-element-17ec50fa elementor-widget elementor-widget-image\" data-id=\"17ec50fa\" data-element_type=\"widget\" data-widget_type=\"image.default\">\n\t\t\t\t\t\t\t\t\t\t\t\t\t\t\t<img loading=\"lazy\" decoding=\"async\" width=\"500\" height=\"312\" src=\"https:\/\/wp4.mystudentblog.com\/wp-content\/uploads\/2026\/03\/cropped-Logo-VIVACTIV-148x92.png\" class=\"attachment-full size-full wp-image-300\" alt=\"\" srcset=\"https:\/\/wp4.mystudentblog.com\/wp-content\/uploads\/2026\/03\/cropped-Logo-VIVACTIV.png 500w, https:\/\/wp4.mystudentblog.com\/wp-content\/uploads\/2026\/03\/cropped-Logo-VIVACTIV-300x187.png 300w, https:\/\/wp4.mystudentblog.com\/wp-content\/uploads\/2026\/03\/cropped-Logo-VIVACTIV-148x92.png 148w\" sizes=\"(max-width: 500px) 100vw, 500px\" \/>\t\t\t\t\t\t\t\t\t\t\t\t\t\t\t<\/div>\n\t\t\t\t<\/div>\n\t\t<div class=\"elementor-element elementor-element-cb4f286 e-con-full e-flex e-con e-child\" data-id=\"cb4f286\" data-element_type=\"container\">\n\t\t\t\t<div class=\"elementor-element elementor-element-2da6dfe2 elementor-icon-list--layout-inline elementor-tablet-align-center elementor-align-center elementor-list-item-link-full_width elementor-widget elementor-widget-icon-list\" data-id=\"2da6dfe2\" data-element_type=\"widget\" data-widget_type=\"icon-list.default\">\n\t\t\t\t\t\t\t<ul class=\"elementor-icon-list-items elementor-inline-items\">\n\t\t\t\t\t\t\t<li class=\"elementor-icon-list-item elementor-inline-item\">\n\t\t\t\t\t\t\t\t\t\t<span class=\"elementor-icon-list-text\">(+33) 4 68 73 27 79<\/span>\n\t\t\t\t\t\t\t\t\t<\/li>\n\t\t\t\t\t\t\t\t<li class=\"elementor-icon-list-item elementor-inline-item\">\n\t\t\t\t\t\t\t\t\t\t<span class=\"elementor-icon-list-text\">reservation@ampao.fr<\/span>\n\t\t\t\t\t\t\t\t\t<\/li>\n\t\t\t\t\t\t\t\t<li class=\"elementor-icon-list-item elementor-inline-item\">\n\t\t\t\t\t\t\t\t\t\t<span class=\"elementor-icon-list-text\">Lun-Dim 9:00h - 18:00h<\/span>\n\t\t\t\t\t\t\t\t\t<\/li>\n\t\t\t\t\t\t<\/ul>\n\t\t\t\t\t\t<\/div>\n\t\t\t\t<\/div>\n\t\t<div class=\"elementor-element elementor-element-6f70f8fe e-con-full e-flex e-con e-child\" data-id=\"6f70f8fe\" data-element_type=\"container\">\n\t\t\t\t<div class=\"elementor-element elementor-element-13a89cab e-grid-align-right e-grid-align-tablet-right e-grid-align-mobile-center elementor-widget-mobile__width-inherit elementor-shape-rounded elementor-grid-0 elementor-widget elementor-widget-social-icons\" data-id=\"13a89cab\" data-element_type=\"widget\" data-widget_type=\"social-icons.default\">\n\t\t\t\t\t\t\t<div class=\"elementor-social-icons-wrapper elementor-grid\" role=\"list\">\n\t\t\t\t\t\t\t<span class=\"elementor-grid-item\" role=\"listitem\">\n\t\t\t\t\t<a class=\"elementor-icon elementor-social-icon elementor-social-icon-instagram elementor-repeater-item-828f132\" target=\"_blank\">\n\t\t\t\t\t\t<span class=\"elementor-screen-only\">Instagram<\/span>\n\t\t\t\t\t\t<svg aria-hidden=\"true\" class=\"e-font-icon-svg e-fab-instagram\" viewBox=\"0 0 448 512\" xmlns=\"http:\/\/www.w3.org\/2000\/svg\"><path d=\"M224.1 141c-63.6 0-114.9 51.3-114.9 114.9s51.3 114.9 114.9 114.9S339 319.5 339 255.9 287.7 141 224.1 141zm0 189.6c-41.1 0-74.7-33.5-74.7-74.7s33.5-74.7 74.7-74.7 74.7 33.5 74.7 74.7-33.6 74.7-74.7 74.7zm146.4-194.3c0 14.9-12 26.8-26.8 26.8-14.9 0-26.8-12-26.8-26.8s12-26.8 26.8-26.8 26.8 12 26.8 26.8zm76.1 27.2c-1.7-35.9-9.9-67.7-36.2-93.9-26.2-26.2-58-34.4-93.9-36.2-37-2.1-147.9-2.1-184.9 0-35.8 1.7-67.6 9.9-93.9 36.1s-34.4 58-36.2 93.9c-2.1 37-2.1 147.9 0 184.9 1.7 35.9 9.9 67.7 36.2 93.9s58 34.4 93.9 36.2c37 2.1 147.9 2.1 184.9 0 35.9-1.7 67.7-9.9 93.9-36.2 26.2-26.2 34.4-58 36.2-93.9 2.1-37 2.1-147.8 0-184.8zM398.8 388c-7.8 19.6-22.9 34.7-42.6 42.6-29.5 11.7-99.5 9-132.1 9s-102.7 2.6-132.1-9c-19.6-7.8-34.7-22.9-42.6-42.6-11.7-29.5-9-99.5-9-132.1s-2.6-102.7 9-132.1c7.8-19.6 22.9-34.7 42.6-42.6 29.5-11.7 99.5-9 132.1-9s102.7-2.6 132.1 9c19.6 7.8 34.7 22.9 42.6 42.6 11.7 29.5 9 99.5 9 132.1s2.7 102.7-9 132.1z\"><\/path><\/svg>\t\t\t\t\t<\/a>\n\t\t\t\t<\/span>\n\t\t\t\t\t\t\t<span class=\"elementor-grid-item\" role=\"listitem\">\n\t\t\t\t\t<a class=\"elementor-icon elementor-social-icon elementor-social-icon-facebook elementor-repeater-item-07f76cb\" target=\"_blank\">\n\t\t\t\t\t\t<span class=\"elementor-screen-only\">Facebook<\/span>\n\t\t\t\t\t\t<svg aria-hidden=\"true\" class=\"e-font-icon-svg e-fab-facebook\" viewBox=\"0 0 512 512\" xmlns=\"http:\/\/www.w3.org\/2000\/svg\"><path d=\"M504 256C504 119 393 8 256 8S8 119 8 256c0 123.78 90.69 226.38 209.25 245V327.69h-63V256h63v-54.64c0-62.15 37-96.48 93.67-96.48 27.14 0 55.52 4.84 55.52 4.84v61h-31.28c-30.8 0-40.41 19.12-40.41 38.73V256h68.78l-11 71.69h-57.78V501C413.31 482.38 504 379.78 504 256z\"><\/path><\/svg>\t\t\t\t\t<\/a>\n\t\t\t\t<\/span>\n\t\t\t\t\t<\/div>\n\t\t\t\t\t\t<\/div>\n\t\t\t\t<\/div>\n\t\t\t\t<\/footer>\n\t\t\t\t<\/div>\n\t\t","protected":false},"excerpt":{"rendered":"<p>Les lieux incontournables et les meilleures adresses pour se restaurer. d\u00e9couvre tous les d\u00e9tails en cliquant ici ! lesrestaurants \u00c0 [&hellip;]<\/p>\n","protected":false},"author":2,"featured_media":0,"parent":0,"menu_order":0,"comment_status":"closed","ping_status":"closed","template":"","meta":{"site-sidebar-layout":"default","site-content-layout":"","ast-site-content-layout":"default","site-content-style":"default","site-sidebar-style":"default","ast-global-header-display":"","ast-banner-title-visibility":"","ast-main-header-display":"","ast-hfb-above-header-display":"","ast-hfb-below-header-display":"","ast-hfb-mobile-header-display":"","site-post-title":"disabled","ast-breadcrumbs-content":"","ast-featured-img":"","footer-sml-layout":"","theme-transparent-header-meta":"","adv-header-id-meta":"","stick-header-meta":"","header-above-stick-meta":"","header-main-stick-meta":"","header-below-stick-meta":"","astra-migrate-meta-layouts":"default","ast-page-background-enabled":"default","ast-page-background-meta":{"desktop":{"background-color":"var(--ast-global-color-5)","background-image":"","background-repeat":"repeat","background-position":"center center","background-size":"auto","background-attachment":"scroll","background-type":"","background-media":"","overlay-type":"","overlay-color":"","overlay-opacity":"","overlay-gradient":""},"tablet":{"background-color":"","background-image":"","background-repeat":"repeat","background-position":"center center","background-size":"auto","background-attachment":"scroll","background-type":"","background-media":"","overlay-type":"","overlay-color":"","overlay-opacity":"","overlay-gradient":""},"mobile":{"background-color":"","background-image":"","background-repeat":"repeat","background-position":"center center","background-size":"auto","background-attachment":"scroll","background-type":"","background-media":"","overlay-type":"","overlay-color":"","overlay-opacity":"","overlay-gradient":""}},"ast-content-background-meta":{"desktop":{"background-color":"var(--ast-global-color-4)","background-image":"","background-repeat":"repeat","background-position":"center center","background-size":"auto","background-attachment":"scroll","background-type":"","background-media":"","overlay-type":"","overlay-color":"","overlay-opacity":"","overlay-gradient":""},"tablet":{"background-color":"var(--ast-global-color-4)","background-image":"","background-repeat":"repeat","background-position":"center center","background-size":"auto","background-attachment":"scroll","background-type":"","background-media":"","overlay-type":"","overlay-color":"","overlay-opacity":"","overlay-gradient":""},"mobile":{"background-color":"var(--ast-global-color-4)","background-image":"","background-repeat":"repeat","background-position":"center center","background-size":"auto","background-attachment":"scroll","background-type":"","background-media":"","overlay-type":"","overlay-color":"","overlay-opacity":"","overlay-gradient":""}},"footnotes":""},"class_list":["post-6","page","type-page","status-publish","hentry"],"_links":{"self":[{"href":"https:\/\/wp4.mystudentblog.com\/index.php?rest_route=\/wp\/v2\/pages\/6","targetHints":{"allow":["GET"]}}],"collection":[{"href":"https:\/\/wp4.mystudentblog.com\/index.php?rest_route=\/wp\/v2\/pages"}],"about":[{"href":"https:\/\/wp4.mystudentblog.com\/index.php?rest_route=\/wp\/v2\/types\/page"}],"author":[{"embeddable":true,"href":"https:\/\/wp4.mystudentblog.com\/index.php?rest_route=\/wp\/v2\/users\/2"}],"replies":[{"embeddable":true,"href":"https:\/\/wp4.mystudentblog.com\/index.php?rest_route=%2Fwp%2Fv2%2Fcomments&post=6"}],"version-history":[{"count":123,"href":"https:\/\/wp4.mystudentblog.com\/index.php?rest_route=\/wp\/v2\/pages\/6\/revisions"}],"predecessor-version":[{"id":326,"href":"https:\/\/wp4.mystudentblog.com\/index.php?rest_route=\/wp\/v2\/pages\/6\/revisions\/326"}],"wp:attachment":[{"href":"https:\/\/wp4.mystudentblog.com\/index.php?rest_route=%2Fwp%2Fv2%2Fmedia&parent=6"}],"curies":[{"name":"wp","href":"https:\/\/api.w.org\/{rel}","templated":true}]}}